{"id":154,"date":"2016-09-12T16:02:50","date_gmt":"2016-09-12T14:02:50","guid":{"rendered":"https:\/\/activecircle-help.com\/fr\/?page_id=154"},"modified":"2017-10-02T11:41:23","modified_gmt":"2017-10-02T09:41:23","slug":"donnez-votre-avis","status":"publish","type":"page","link":"https:\/\/activecircle-help.com\/fr\/donnez-votre-avis\/","title":{"rendered":"Donnez votre avis"},"content":{"rendered":"<h2>Votre avis est primordial<\/h2>\n<ul>\n<li>Vous avez une id\u00e9e qui am\u00e9liorera votre utilisation d'Active Circle ?<\/li>\n<li>Certaines fonctionnalit\u00e9s vous semblent compliqu\u00e9es \u00e0 utiliser ?<\/li>\n<li>Ou \u00eates-vous tout simplement satisfait(e) d'Active Circle ?<\/li>\n<\/ul>\n<p><strong>Contactez directement le Product Manager d'Active Circle en utilisant ce formulaire.<\/strong><\/p>\n","protected":false},"excerpt":{"rendered":"<p>Votre avis est primordial Vous avez une id\u00e9e qui am\u00e9liorera votre utilisation d&rsquo;Active Circle ? Certaines fonctionnalit\u00e9s vous semblent compliqu\u00e9es \u00e0 utiliser ? Ou \u00eates-vous tout simplement satisfait(e) d&rsquo;Active Circle ? Contactez directement le Product Manager d&rsquo;Active Circle en utilisant ce formulaire.<\/p>\n","protected":false},"author":1,"featured_media":0,"parent":0,"menu_order":0,"comment_status":"closed","ping_status":"closed","template":"contact.php","meta":[],"_links":{"self":[{"href":"https:\/\/activecircle-help.com\/fr\/wp-json\/wp\/v2\/pages\/154"}],"collection":[{"href":"https:\/\/activecircle-help.com\/fr\/wp-json\/wp\/v2\/pages"}],"about":[{"href":"https:\/\/activecircle-help.com\/fr\/wp-json\/wp\/v2\/types\/page"}],"author":[{"embeddable":true,"href":"https:\/\/activecircle-help.com\/fr\/wp-json\/wp\/v2\/users\/1"}],"replies":[{"embeddable":true,"href":"https:\/\/activecircle-help.com\/fr\/wp-json\/wp\/v2\/comments?post=154"}],"version-history":[{"count":13,"href":"https:\/\/activecircle-help.com\/fr\/wp-json\/wp\/v2\/pages\/154\/revisions"}],"predecessor-version":[{"id":341,"href":"https:\/\/activecircle-help.com\/fr\/wp-json\/wp\/v2\/pages\/154\/revisions\/341"}],"wp:attachment":[{"href":"https:\/\/activecircle-help.com\/fr\/wp-json\/wp\/v2\/media?parent=154"}],"curies":[{"name":"wp","href":"https:\/\/api.w.org\/{rel}","templated":true}]}}