{"id":5,"date":"2016-08-16T18:47:52","date_gmt":"2016-08-16T16:47:52","guid":{"rendered":"https:\/\/activecircle-help.com\/fr\/?page_id=5"},"modified":"2017-10-03T14:03:00","modified_gmt":"2017-10-03T12:03:00","slug":"contact","status":"publish","type":"page","link":"https:\/\/activecircle-help.com\/fr\/contact\/","title":{"rendered":"Contacter le support"},"content":{"rendered":"<h2>Contacter par email le support technique<\/h2>\n<ul>\n<li>Vous rencontrez un probl\u00e8me sur Active Circle ?<\/li>\n<li>Vous ne trouvez pas la r\u00e9ponse \u00e0 votre question sur ce site ?<\/li>\n<\/ul>\n<p><strong>Contactez notre \u00e9quipe \u00e0 Paris en utilisant ce formulaire.<\/strong><\/p>\n","protected":false},"excerpt":{"rendered":"<p>Contacter par email le support technique Vous rencontrez un probl\u00e8me sur Active Circle ? Vous ne trouvez pas la r\u00e9ponse \u00e0 votre question sur ce site ? Contactez notre \u00e9quipe \u00e0 Paris en utilisant ce formulaire.<\/p>\n","protected":false},"author":1,"featured_media":0,"parent":0,"menu_order":0,"comment_status":"closed","ping_status":"closed","template":"contact.php","meta":[],"_links":{"self":[{"href":"https:\/\/activecircle-help.com\/fr\/wp-json\/wp\/v2\/pages\/5"}],"collection":[{"href":"https:\/\/activecircle-help.com\/fr\/wp-json\/wp\/v2\/pages"}],"about":[{"href":"https:\/\/activecircle-help.com\/fr\/wp-json\/wp\/v2\/types\/page"}],"author":[{"embeddable":true,"href":"https:\/\/activecircle-help.com\/fr\/wp-json\/wp\/v2\/users\/1"}],"replies":[{"embeddable":true,"href":"https:\/\/activecircle-help.com\/fr\/wp-json\/wp\/v2\/comments?post=5"}],"version-history":[{"count":9,"href":"https:\/\/activecircle-help.com\/fr\/wp-json\/wp\/v2\/pages\/5\/revisions"}],"predecessor-version":[{"id":353,"href":"https:\/\/activecircle-help.com\/fr\/wp-json\/wp\/v2\/pages\/5\/revisions\/353"}],"wp:attachment":[{"href":"https:\/\/activecircle-help.com\/fr\/wp-json\/wp\/v2\/media?parent=5"}],"curies":[{"name":"wp","href":"https:\/\/api.w.org\/{rel}","templated":true}]}}